{"id":253,"date":"2016-07-15T14:29:48","date_gmt":"2016-07-15T14:29:48","guid":{"rendered":"http:\/\/pets-grooming.axiomthemes.com\/?page_id=253"},"modified":"2025-06-22T22:20:30","modified_gmt":"2025-06-22T22:20:30","slug":"beagles-tricolores-y-bicolores","status":"publish","type":"page","link":"https:\/\/perrosbeagles.com.mx\/","title":{"rendered":"Inicio"},"content":{"rendered":"<p>[vc_row][vc_column][vc_empty_space height=&#8221;116px&#8221;]<div class=\"columns_wrap sc_columns columns_nofluid sc_columns_count_2 margin_bottom_large\"><div class=\"column-1_2 sc_column_item sc_column_item_1 odd first\"><h2 class=\"sc_title sc_title_regular sc_align_left margin_top_tiny- margin_bottom_medium\" style=\"text-align:left;\">LOS MEJORES BEAGLES TRICOLORES Y BICOLORES<\/h2>[vc_empty_space height=&#8221;5px&#8221;][vc_column_text el_class=&#8221;lh36 fs17&#8243; css=&#8221;.vc_custom_1585465839872{margin-bottom: 50px !important;}&#8221;]El Beagle es el sabueso m\u00e1s peque\u00f1o y bonach\u00f3n, actualmente es el perro m\u00e1s popular debido su naturaleza afectuosa, su bajo grado de agresi\u00f3n, altamente recomendado para espacios chicos y departamentos, ideal por su tama\u00f1o y temperamento con los ni\u00f1os. Actualmente es utilizado en el extranjero para terapias con ni\u00f1os con problemas de autismo.<\/p>\n<p>Excelente compa\u00f1ero para personas de la tercera edad. BEAGLES SON AMOR. She Beagles. J.E.C.R.[\/vc_column_text][vc_empty_space height=&#8221;10px&#8221;]<a href=\"https:\/\/wa.me\/525517291687\" class=\"sc_button sc_button_square sc_button_style_filled sc_button_size_small alignleft fl margin_top_null sc_popup_link\">Llamar Ahora<\/a><div class=\"sc_section fl margin_top_tiny\"><div class=\"sc_section_inner\"><div class=\"sc_section_content_wrap\">[vc_empty_space height=&#8221;6px&#8221;]<span class=\"sc_highlight highlight_320\" style=\"font-size:22px; line-height: 1em;\"><strong>Tel\u00e9fono: <a href=\"https:\/\/wa.me\/525517291687\">5517.291687<\/a><\/strong><\/span><\/div><\/div><\/div><\/div><div class=\"column-1_2 sc_column_item sc_column_item_2 even\"><figure class=\"sc_image  sc_image_shape_square\"><img decoding=\"async\" src=\"https:\/\/perrosbeagles.com.mx\/wp-content\/uploads\/2020\/03\/beagle-cachorro-scaled.jpg\" alt=\"\" \/><\/figure><\/div><\/div>[vc_empty_space][\/vc_column][\/vc_row]<\/p>\n","protected":false},"excerpt":{"rendered":"<p>[vc_row][vc_column][vc_empty_space height=&#8221;116px&#8221;][vc_empty_space][\/vc_column][\/vc_row]<\/p>\n","protected":false},"author":1,"featured_media":0,"parent":0,"menu_order":0,"comment_status":"closed","ping_status":"closed","template":"","meta":{"footnotes":""},"class_list":["post-253","page","type-page","status-publish","hentry"],"_links":{"self":[{"href":"https:\/\/perrosbeagles.com.mx\/index.php?rest_route=\/wp\/v2\/pages\/253","targetHints":{"allow":["GET"]}}],"collection":[{"href":"https:\/\/perrosbeagles.com.mx\/index.php?rest_route=\/wp\/v2\/pages"}],"about":[{"href":"https:\/\/perrosbeagles.com.mx\/index.php?rest_route=\/wp\/v2\/types\/page"}],"author":[{"embeddable":true,"href":"https:\/\/perrosbeagles.com.mx\/index.php?rest_route=\/wp\/v2\/users\/1"}],"replies":[{"embeddable":true,"href":"https:\/\/perrosbeagles.com.mx\/index.php?rest_route=%2Fwp%2Fv2%2Fcomments&post=253"}],"version-history":[{"count":16,"href":"https:\/\/perrosbeagles.com.mx\/index.php?rest_route=\/wp\/v2\/pages\/253\/revisions"}],"predecessor-version":[{"id":1027,"href":"https:\/\/perrosbeagles.com.mx\/index.php?rest_route=\/wp\/v2\/pages\/253\/revisions\/1027"}],"wp:attachment":[{"href":"https:\/\/perrosbeagles.com.mx\/index.php?rest_route=%2Fwp%2Fv2%2Fmedia&parent=253"}],"curies":[{"name":"wp","href":"https:\/\/api.w.org\/{rel}","templated":true}]}}