{"id":39,"date":"2016-07-05T13:47:37","date_gmt":"2016-07-05T13:47:37","guid":{"rendered":"http:\/\/pets-grooming.axiomthemes.com\/?page_id=39"},"modified":"2020-03-29T22:44:42","modified_gmt":"2020-03-29T22:44:42","slug":"servicios","status":"publish","type":"page","link":"https:\/\/perrosbeagles.com.mx\/?page_id=39","title":{"rendered":"Servicios"},"content":{"rendered":"<p>[vc_row][vc_column]<h2 class=\"sc_title sc_title_underline sc_align_center margin_top_tiny- margin_bottom_huge\" style=\"text-align:center;\">Nuestros Servicios<\/h2>[vc_empty_space height=&#8221;27px&#8221;]<div id=\"sc_services_816738621_wrap\" class=\"sc_services_wrap\"><div id=\"sc_services_816738621\" class=\"sc_services sc_services_style_services-5 sc_services_type_icons  margin_bottom_huge\" style=\"width:100%;\"><div class=\"sc_service_container sc_align_\"><div class=\"sc_services_image\"><img decoding=\"async\" src=\"https:\/\/perrosbeagles.com.mx\/wp-content\/uploads\/2020\/03\/Beagle-scaled.jpg\" alt=\"img\"><\/div><div class=\"sc_columns columns_wrap\"><div class=\"column-1_2 column_padding_bottom\">\t\t\t<div id=\"sc_services_816738621_1\"\t\t\t\tclass=\"sc_services_item sc_services_item_1 odd first\"\n\t\t\t\t>\n\t\t\t\t<a href=\"https:\/\/perrosbeagles.com.mx\/?services=autenticos-beagles\"><span class=\"sc_icon icon-1\"><\/span><\/a>\t\t\t\t<div class=\"sc_services_item_content\">\n\t\t\t\t\t<h3 class=\"sc_services_item_title\"><a href=\"https:\/\/perrosbeagles.com.mx\/?services=autenticos-beagles\">Cachorros Beagles<\/a><\/h3>\n\t\t\t\t\t<div class=\"sc_services_item_description\">\n\t\t\t\t\t\t<p>Beagles Aut\u00e9nticos, Tricolores, Bicolores, Vacunados, Desparasitados, Padres Presentes, Calidad Criadero. Env\u00edos Nacionales e Internacionales.<\/p>\t\t\t\t\t<\/div>\n\t\t\t\t<\/div>\n\t\t\t<\/div>\n\t\t<\/div><div class=\"column-1_2 column_padding_bottom\">\t\t\t<div id=\"sc_services_816738621_2\"\t\t\t\tclass=\"sc_services_item sc_services_item_2 even\"\n\t\t\t\t>\n\t\t\t\t<a href=\"https:\/\/perrosbeagles.com.mx\/?services=pension-canina\"><span class=\"sc_icon icon-footprint\"><\/span><\/a>\t\t\t\t<div class=\"sc_services_item_content\">\n\t\t\t\t\t<h3 class=\"sc_services_item_title\"><a href=\"https:\/\/perrosbeagles.com.mx\/?services=pension-canina\">Pensi\u00f3n Canina<\/a><\/h3>\n\t\t\t\t\t<div class=\"sc_services_item_description\">\n\t\t\t\t\t\t<p>Servicio de hospedaje con 7,000 m\u00b2 de \u00e1reas verdes para el esparcimiento y descanso. Contamos con recolecci\u00f3n y entrega a domicilio.<\/p>\t\t\t\t\t<\/div>\n\t\t\t\t<\/div>\n\t\t\t<\/div>\n\t\t<\/div><div class=\"column-1_2 column_padding_bottom\">\t\t\t<div id=\"sc_services_816738621_3\"\t\t\t\tclass=\"sc_services_item sc_services_item_3 odd\"\n\t\t\t\t>\n\t\t\t\t<a href=\"https:\/\/perrosbeagles.com.mx\/?services=bano-y-estetica\"><span class=\"sc_icon icon-grooming\"><\/span><\/a>\t\t\t\t<div class=\"sc_services_item_content\">\n\t\t\t\t\t<h3 class=\"sc_services_item_title\"><a href=\"https:\/\/perrosbeagles.com.mx\/?services=bano-y-estetica\">Ba\u00f1o y Est\u00e9tica<\/a><\/h3>\n\t\t\t\t\t<div class=\"sc_services_item_description\">\n\t\t\t\t\t\t<p>Utilizamos una gran variedad de champ\u00fas para todos los tipos de pelaje y razas. Adem\u00e1s contamos con unidad m\u00f3vil para servicio a domicilio.<\/p>\t\t\t\t\t<\/div>\n\t\t\t\t<\/div>\n\t\t\t<\/div>\n\t\t<\/div><div class=\"column-1_2 column_padding_bottom\">\t\t\t<div id=\"sc_services_816738621_4\"\t\t\t\tclass=\"sc_services_item sc_services_item_4 even\"\n\t\t\t\t>\n\t\t\t\t<a href=\"https:\/\/perrosbeagles.com.mx\/?services=bano-medicado\"><span class=\"sc_icon icon-med\"><\/span><\/a>\t\t\t\t<div class=\"sc_services_item_content\">\n\t\t\t\t\t<h3 class=\"sc_services_item_title\"><a href=\"https:\/\/perrosbeagles.com.mx\/?services=bano-medicado\">Ba\u00f1o Medicado<\/a><\/h3>\n\t\t\t\t\t<div class=\"sc_services_item_description\">\n\t\t\t\t\t\t<p>Ba\u00f1arse en nuestro ba\u00f1o veterinario, usando un champ\u00fa apropiado que sea amable con la piel de la mascota.<\/p>\t\t\t\t\t<\/div>\n\t\t\t\t<\/div>\n\t\t\t<\/div>\n\t\t<\/div><\/div><\/div><\/div><!-- \/.sc_services --><\/div><!-- \/.sc_services_wrap -->[vc_empty_space height=&#8221;3px&#8221;][\/vc_column][\/vc_row]<\/p>\n","protected":false},"excerpt":{"rendered":"<p>[vc_row][vc_column][vc_empty_space height=&#8221;27px&#8221;][vc_empty_space height=&#8221;3px&#8221;][\/vc_column][\/vc_row]<\/p>\n","protected":false},"author":1,"featured_media":0,"parent":0,"menu_order":0,"comment_status":"closed","ping_status":"closed","template":"","meta":{"footnotes":""},"class_list":["post-39","page","type-page","status-publish","hentry"],"_links":{"self":[{"href":"https:\/\/perrosbeagles.com.mx\/index.php?rest_route=\/wp\/v2\/pages\/39","targetHints":{"allow":["GET"]}}],"collection":[{"href":"https:\/\/perrosbeagles.com.mx\/index.php?rest_route=\/wp\/v2\/pages"}],"about":[{"href":"https:\/\/perrosbeagles.com.mx\/index.php?rest_route=\/wp\/v2\/types\/page"}],"author":[{"embeddable":true,"href":"https:\/\/perrosbeagles.com.mx\/index.php?rest_route=\/wp\/v2\/users\/1"}],"replies":[{"embeddable":true,"href":"https:\/\/perrosbeagles.com.mx\/index.php?rest_route=%2Fwp%2Fv2%2Fcomments&post=39"}],"version-history":[{"count":5,"href":"https:\/\/perrosbeagles.com.mx\/index.php?rest_route=\/wp\/v2\/pages\/39\/revisions"}],"predecessor-version":[{"id":796,"href":"https:\/\/perrosbeagles.com.mx\/index.php?rest_route=\/wp\/v2\/pages\/39\/revisions\/796"}],"wp:attachment":[{"href":"https:\/\/perrosbeagles.com.mx\/index.php?rest_route=%2Fwp%2Fv2%2Fmedia&parent=39"}],"curies":[{"name":"wp","href":"https:\/\/api.w.org\/{rel}","templated":true}]}}